{"id":1875,"date":"2025-12-14T21:04:00","date_gmt":"2025-12-14T20:04:00","guid":{"rendered":"https:\/\/crea-design.mywp.studio\/?page_id=1875"},"modified":"2026-01-13T22:38:42","modified_gmt":"2026-01-13T21:38:42","slug":"hotellerie-restauration","status":"publish","type":"page","link":"https:\/\/crea-design.fr\/en\/nos-realisations\/hotellerie-restauration\/","title":{"rendered":"Hospitality and catering"},"content":{"rendered":"<p>[et_pb_section fb_built=\u00a0\u00bb1&Prime; admin_label=\u00a0\u00bbHero\u00a0\u00bb _builder_version=\u00a0\u00bb4.27.5&Prime; background_color=\u00a0\u00bbrgba(0,0,0,0.4)\u00a0\u00bb background_image=\u00a0\u00bbhttps:\/\/crea-design.fr\/wp-content\/uploads\/hero-references-restauration.jpg\u00a0\u00bb background_blend=\u00a0\u00bbdarken\u00a0\u00bb custom_margin=\u00a0\u00bb0px||0px||true|false\u00a0\u00bb custom_padding=\u00a0\u00bb0px||0px||true|false\u00a0\u00bb global_colors_info=\u00a0\u00bb{}\u00a0\u00bb][et_pb_row use_custom_gutter=\u00a0\u00bbon\u00a0\u00bb gutter_width=\u00a0\u00bb1&Prime; make_equal=\u00a0\u00bbon\u00a0\u00bb admin_label=\u00a0\u00bbLigne\u00a0\u00bb _builder_version=\u00a0\u00bb4.27.4&Prime; _module_preset=\u00a0\u00bbdefault\u00a0\u00bb width=\u00a0\u00bb100%\u00a0\u00bb max_width=\u00a0\u00bb100vw\u00a0\u00bb min_height=\u00a0\u00bb600px\u00a0\u00bb min_height_tablet=\u00a0\u00bb500px\u00a0\u00bb min_height_phone=\u00a0\u00bb300px\u00a0\u00bb min_height_last_edited=\u00a0\u00bbon|phone\u00a0\u00bb custom_margin=\u00a0\u00bb0px||0px||true|false\u00a0\u00bb custom_padding=\u00a0\u00bb0px||0px||true|false\u00a0\u00bb custom_css_main_element=\u00a0\u00bbdisplay:flex;||align-items:center;\u00a0\u00bb global_colors_info=\u00a0\u00bb{}\u00a0\u00bb][et_pb_column type=\u00a0\u00bb4_4&Prime; admin_label=\u00a0\u00bbColonne\u00a0\u00bb _builder_version=\u00a0\u00bb4.27.4&Prime; _module_preset=\u00a0\u00bbdefault\u00a0\u00bb custom_padding=\u00a0\u00bb100px||0px||false|false\u00a0\u00bb global_colors_info=\u00a0\u00bb{}\u00a0\u00bb custom_css_main_element_last_edited=\u00a0\u00bboff|phone\u00a0\u00bb][et_pb_text admin_label=\u00a0\u00bbH1 R\u00e9alisations\u00a0\u00bb _builder_version=\u00a0\u00bb4.27.4&Prime; _module_preset=\u00a0\u00bbdefault\u00a0\u00bb text_font=\u00a0\u00bb&#8211;et_global_heading_font|300||on|||||\u00a0\u00bb text_text_color=\u00a0\u00bb#FFFFFF\u00a0\u00bb text_font_size=\u00a0\u00bb50px\u00a0\u00bb text_line_height=\u00a0\u00bb1.2em\u00a0\u00bb header_text_color=\u00a0\u00bb#FFFFFF\u00a0\u00bb header_font_size=\u00a0\u00bb50px\u00a0\u00bb header_2_line_height=\u00a0\u00bb1.2em\u00a0\u00bb text_orientation=\u00a0\u00bbcenter\u00a0\u00bb max_width_last_edited=\u00a0\u00bboff|phone\u00a0\u00bb custom_margin=\u00a0\u00bb50px||50px||true|false\u00a0\u00bb custom_margin_tablet=\u00a0\u00bb||0px||false|false\u00a0\u00bb custom_margin_phone=\u00a0\u00bb50px||25px||false|false\u00a0\u00bb custom_margin_last_edited=\u00a0\u00bbon|phone\u00a0\u00bb text_font_size_tablet=\u00a0\u00bb50px\u00a0\u00bb text_font_size_phone=\u00a0\u00bb24px\u00a0\u00bb text_font_size_last_edited=\u00a0\u00bbon|desktop\u00a0\u00bb header_font_size_tablet=\u00a0\u00bb50px\u00a0\u00bb header_font_size_phone=\u00a0\u00bb24px\u00a0\u00bb header_font_size_last_edited=\u00a0\u00bbon|phone\u00a0\u00bb header_2_font_size_tablet=\u00a0\u00bb24px\u00a0\u00bb header_2_font_size_phone=\u00a0\u00bb24px\u00a0\u00bb header_2_font_size_last_edited=\u00a0\u00bbon|phone\u00a0\u00bb text_text_shadow_style=\u00a0\u00bbpreset3&Prime; global_colors_info=\u00a0\u00bb{}\u00a0\u00bb]<\/p>\n<h1>Achievements<\/h1>\n<p>[\/et_pb_text][et_pb_text ul_type=\u00a0\u00bbnone\u00a0\u00bb admin_label=\u00a0\u00bbFiltres js du portfolio\u00a0\u00bb module_id=\u00a0\u00bbfiltres-js\u00a0\u00bb _builder_version=\u00a0\u00bb4.27.5&Prime; _module_preset=\u00a0\u00bbdefault\u00a0\u00bb text_font=\u00a0\u00bb|||on|||||\u00a0\u00bb text_text_color=\u00a0\u00bb#FFFFFF\u00a0\u00bb text_font_size=\u00a0\u00bb14px\u00a0\u00bb text_line_height=\u00a0\u00bb1.6em\u00a0\u00bb link_text_color=\u00a0\u00bb#FFFFFF\u00a0\u00bb ul_font=\u00a0\u00bb|||on|||||\u00a0\u00bb text_orientation=\u00a0\u00bbcenter\u00a0\u00bb max_width=\u00a0\u00bb600px\u00a0\u00bb max_width_tablet=\u00a0\u00bb80%\u00a0\u00bb max_width_phone=\u00a0\u00bb80%\u00a0\u00bb max_width_last_edited=\u00a0\u00bbon|phone\u00a0\u00bb module_alignment=\u00a0\u00bbcenter\u00a0\u00bb custom_padding=\u00a0\u00bb||25px||false|false\u00a0\u00bb hover_enabled=\u00a0\u00bb0&Prime; text_font_size_tablet=\u00a0\u00bb\u00a0\u00bb text_font_size_phone=\u00a0\u00bb14px\u00a0\u00bb text_font_size_last_edited=\u00a0\u00bbon|desktop\u00a0\u00bb text_line_height_tablet=\u00a0\u00bb1.6em\u00a0\u00bb text_line_height_phone=\u00a0\u00bb1.4em\u00a0\u00bb text_line_height_last_edited=\u00a0\u00bbon|phone\u00a0\u00bb global_colors_info=\u00a0\u00bb{}\u00a0\u00bb link_text_color__hover_enabled=\u00a0\u00bboff|hover\u00a0\u00bb link_text_color__hover=\u00a0\u00bb#E62B24&Prime; text_text_color__hover_enabled=\u00a0\u00bboff|hover\u00a0\u00bb text_text_color__hover=\u00a0\u00bb#FFFFFF\u00a0\u00bb sticky_enabled=\u00a0\u00bb0&Prime;]<\/p>\n<ul class=\"jb-filters\">\n<li><a href=\"\/en\/nos-realisations\/residentiel-prive\/\">Private residential<\/a><\/li>\n<li><a href=\"\/en\/nos-realisations\/hotellerie-restauration\/\" class=\"is-active\">Hospitality and catering<\/a><\/li>\n<li><a href=\"\/en\/nos-realisations\/sante-tertiaire\/\">Healthcare services<\/a><\/li>\n<\/ul>\n<p>[\/et_pb_text][\/et_pb_column][\/et_pb_row][et_pb_row _builder_version=\u00a0\u00bb4.27.4&Prime; _module_preset=\u00a0\u00bbdefault\u00a0\u00bb width=\u00a0\u00bb90%\u00a0\u00bb max_width=\u00a0\u00bb1440px\u00a0\u00bb module_alignment=\u00a0\u00bbcenter\u00a0\u00bb custom_margin=\u00a0\u00bb0px||0px||true|false\u00a0\u00bb custom_padding=\u00a0\u00bb15px||15px||true|false\u00a0\u00bb global_colors_info=\u00a0\u00bb{}\u00a0\u00bb][et_pb_column type=\u00a0\u00bb4_4&Prime; _builder_version=\u00a0\u00bb4.27.4&Prime; _module_preset=\u00a0\u00bbdefault\u00a0\u00bb global_colors_info=\u00a0\u00bb{}\u00a0\u00bb][et_pb_text _builder_version=\u00a0\u00bb4.27.4&Prime; _module_preset=\u00a0\u00bbdefault\u00a0\u00bb text_font=\u00a0\u00bb|&#8211;et_global_heading_font_weight|||||||\u00a0\u00bb text_text_color=\u00a0\u00bb#FFFFFF\u00a0\u00bb text_orientation=\u00a0\u00bbcenter\u00a0\u00bb custom_margin_tablet=\u00a0\u00bb\u00a0\u00bb custom_margin_phone=\u00a0\u00bb||20px||false|false\u00a0\u00bb custom_margin_last_edited=\u00a0\u00bbon|phone\u00a0\u00bb text_font_size_tablet=\u00a0\u00bb\u00a0\u00bb text_font_size_phone=\u00a0\u00bb12px\u00a0\u00bb text_font_size_last_edited=\u00a0\u00bbon|phone\u00a0\u00bb text_line_height_tablet=\u00a0\u00bb\u00a0\u00bb text_line_height_phone=\u00a0\u00bb1.6em\u00a0\u00bb text_line_height_last_edited=\u00a0\u00bbon|phone\u00a0\u00bb global_colors_info=\u00a0\u00bb{}\u00a0\u00bb]<\/p>\n<p>ANNECY \u2013 AIX LES BAINS &#8211; COTE D\u2019AZUR \u2013 COURCHEVEL \u2013 LES GETS \u2013 LYON \u2013 MEGEVE \u2013 MERIBEL \u2013 PARIS \u2013 SUISSE \u2013 VAL D\u2019ISERE \u2013 VAL THORENS<\/p>\n<p>[\/et_pb_text][\/et_pb_column][\/et_pb_row][\/et_pb_section][et_pb_section fb_built=\u00a0\u00bb1&Prime; custom_padding_last_edited=\u00a0\u00bbon|phone\u00a0\u00bb _builder_version=\u00a0\u00bb4.27.4&Prime; _module_preset=\u00a0\u00bbdefault\u00a0\u00bb min_height=\u00a0\u00bb900px\u00a0\u00bb custom_padding=\u00a0\u00bb30px||||false|false\u00a0\u00bb custom_padding_tablet=\u00a0\u00bb40px||||false|false\u00a0\u00bb custom_padding_phone=\u00a0\u00bb40px||||false|false\u00a0\u00bb global_colors_info=\u00a0\u00bb{}\u00a0\u00bb][et_pb_row use_custom_gutter=\u00a0\u00bbon\u00a0\u00bb gutter_width=\u00a0\u00bb2&Prime; make_equal=\u00a0\u00bbon\u00a0\u00bb _builder_version=\u00a0\u00bb4.27.4&Prime; _module_preset=\u00a0\u00bbdefault\u00a0\u00bb width=\u00a0\u00bb95%\u00a0\u00bb max_width=\u00a0\u00bb1440px\u00a0\u00bb custom_margin=\u00a0\u00bb0px||0px||true|false\u00a0\u00bb custom_padding=\u00a0\u00bb0px||0px||true|false\u00a0\u00bb custom_css_main_element=\u00a0\u00bbdisplay:flex;||flex-direction: row-reverse;||gap: 45px;\u00a0\u00bb global_colors_info=\u00a0\u00bb{}\u00a0\u00bb custom_css_main_element_last_edited=\u00a0\u00bbon|phone\u00a0\u00bb custom_css_main_element_tablet=\u00a0\u00bbdisplay:block;\u00a0\u00bb custom_css_main_element_phone=\u00a0\u00bbdisplay:block;\u00a0\u00bb][et_pb_column type=\u00a0\u00bb4_4&Prime; admin_label=\u00a0\u00bbcolonne d&rsquo;images\u00a0\u00bb _builder_version=\u00a0\u00bb4.27.4&Prime; _module_preset=\u00a0\u00bbdefault\u00a0\u00bb custom_padding_tablet=\u00a0\u00bb0px||||false|false\u00a0\u00bb custom_padding_last_edited=\u00a0\u00bboff|tablet\u00a0\u00bb global_colors_info=\u00a0\u00bb{}\u00a0\u00bb custom_css_main_element_last_edited=\u00a0\u00bbon|phone\u00a0\u00bb custom_css_main_element_tablet=\u00a0\u00bbmargin-top:-25px !important;\u00a0\u00bb custom_css_main_element_phone=\u00a0\u00bbmargin-top:-25px !important;\u00a0\u00bb][et_pb_code admin_label=\u00a0\u00bbShortCode\u00a0\u00bb module_id=\u00a0\u00bbrealisations-grid\u00a0\u00bb _builder_version=\u00a0\u00bb4.27.4&Prime; _module_preset=\u00a0\u00bbdefault\u00a0\u00bb global_colors_info=\u00a0\u00bb{}\u00a0\u00bb]<div class=\"jb-masonry jb-cols-2\" data-cols=\"2\">        <div class=\"jb-item cat-hotellerie-restauration\" data-cat=\"hotellerie-restauration\">\n          <a class=\"jb-link\" href=\"https:\/\/crea-design.fr\/en\/realisations\/auberge-du-pere-bise\/\" aria-label=\"Auberge du P\u00e8re Bise \u2014 Talloires (74)\">\n            <figure class=\"jb-figure\">\n              <img width=\"1024\" height=\"682\" data-src=\"https:\/\/crea-design.fr\/wp-content\/smush-webp\/1646563260160-1024x682.jpg.webp\" class=\"jb-thumb wp-post-image lazyload\" alt=\"\" decoding=\"async\" data-sizes=\"(max-width: 640px) 100vw, (max-width: 1200px) 50vw, 600px\" data-srcset=\"https:\/\/crea-design.fr\/wp-content\/smush-webp\/1646563260160-980x653.jpg.webp 980w, https:\/\/crea-design.fr\/wp-content\/smush-webp\/1646563260160-480x320.jpg.webp 480w\" src=\"data:image\/svg+xml;base64,PHN2ZyB3aWR0aD0iMSIgaGVpZ2h0PSIxIiB4bWxucz0iaHR0cDovL3d3dy53My5vcmcvMjAwMC9zdmciPjwvc3ZnPg==\" style=\"--smush-placeholder-width: 1024px; --smush-placeholder-aspect-ratio: 1024\/682;\" \/>            <\/figure>\n            <h2 class=\"jb-title\">\n\t\t\t  <span class=\"jb-name\">Auberge du P\u00e8re Bise<\/span>\n\t\t\t  \t\t\t\t<span class=\"jb-ville\">Talloires (74)<\/span>\n\t\t\t  \t\t\t<\/h2>\n          <\/a>\n        <\/div>\n                <div class=\"jb-item cat-hotellerie-restauration\" data-cat=\"hotellerie-restauration\">\n          <a class=\"jb-link\" href=\"https:\/\/crea-design.fr\/en\/realisations\/institut-lyfe-ex-paul-bocuse\/\" aria-label=\"Institut Lyfe (ex Paul Bocuse) \u2014 Ecully (69)\">\n            <figure class=\"jb-figure\">\n              <img width=\"1024\" height=\"682\" data-src=\"https:\/\/crea-design.fr\/wp-content\/smush-webp\/12-1-1024x682.jpg.webp\" class=\"jb-thumb wp-post-image lazyload\" alt=\"\" decoding=\"async\" data-sizes=\"(max-width: 640px) 100vw, (max-width: 1200px) 50vw, 600px\" data-srcset=\"https:\/\/crea-design.fr\/wp-content\/smush-webp\/12-1-980x653.jpg.webp 980w, https:\/\/crea-design.fr\/wp-content\/smush-webp\/12-1-480x320.jpg.webp 480w\" src=\"data:image\/svg+xml;base64,PHN2ZyB3aWR0aD0iMSIgaGVpZ2h0PSIxIiB4bWxucz0iaHR0cDovL3d3dy53My5vcmcvMjAwMC9zdmciPjwvc3ZnPg==\" style=\"--smush-placeholder-width: 1024px; --smush-placeholder-aspect-ratio: 1024\/682;\" \/>            <\/figure>\n            <h2 class=\"jb-title\">\n\t\t\t  <span class=\"jb-name\">Institut Lyfe (Paul Bocuse)<\/span>\n\t\t\t  \t\t\t\t<span class=\"jb-ville\">Ecully (69)<\/span>\n\t\t\t  \t\t\t<\/h2>\n          <\/a>\n        <\/div>\n                <div class=\"jb-item cat-hotellerie-restauration\" data-cat=\"hotellerie-restauration\">\n          <a class=\"jb-link\" href=\"https:\/\/crea-design.fr\/en\/realisations\/hotel-experimental-chalet\/\" aria-label=\"H\u00f4tel Experimental Chalet \u2014 Val d&#039;Is\u00e8re (73)\">\n            <figure class=\"jb-figure\">\n              <img width=\"1024\" height=\"682\" data-src=\"https:\/\/crea-design.fr\/wp-content\/smush-webp\/experimental-val-isere-\u00a9-mr.-tripper-206-1024x682.jpg.webp\" class=\"jb-thumb wp-post-image lazyload\" alt=\"\" decoding=\"async\" data-sizes=\"(max-width: 640px) 100vw, (max-width: 1200px) 50vw, 600px\" data-srcset=\"https:\/\/crea-design.fr\/wp-content\/smush-webp\/experimental-val-isere-\u00a9-mr.-tripper-206-1024x682.jpg.webp 1024w, https:\/\/crea-design.fr\/wp-content\/smush-webp\/experimental-val-isere-\u00a9-mr.-tripper-206-300x200.jpg.webp 300w, https:\/\/crea-design.fr\/wp-content\/smush-webp\/experimental-val-isere-\u00a9-mr.-tripper-206-150x100.jpg.webp 150w, https:\/\/crea-design.fr\/wp-content\/smush-webp\/experimental-val-isere-\u00a9-mr.-tripper-206-768x512.jpg.webp 768w, https:\/\/crea-design.fr\/wp-content\/smush-webp\/experimental-val-isere-\u00a9-mr.-tripper-206-1080x720.jpg.webp 1080w, https:\/\/crea-design.fr\/wp-content\/smush-webp\/experimental-val-isere-\u00a9-mr.-tripper-206-1280x853.jpg.webp 1280w, https:\/\/crea-design.fr\/wp-content\/smush-webp\/experimental-val-isere-\u00a9-mr.-tripper-206-980x653.jpg.webp 980w, https:\/\/crea-design.fr\/wp-content\/smush-webp\/experimental-val-isere-\u00a9-mr.-tripper-206-480x320.jpg.webp 480w, https:\/\/crea-design.fr\/wp-content\/smush-webp\/experimental-val-isere-\u00a9-mr.-tripper-206.jpg.webp 1400w\" src=\"data:image\/svg+xml;base64,PHN2ZyB3aWR0aD0iMSIgaGVpZ2h0PSIxIiB4bWxucz0iaHR0cDovL3d3dy53My5vcmcvMjAwMC9zdmciPjwvc3ZnPg==\" style=\"--smush-placeholder-width: 1024px; --smush-placeholder-aspect-ratio: 1024\/682;\" \/>            <\/figure>\n            <h2 class=\"jb-title\">\n\t\t\t  <span class=\"jb-name\">Hotel<\/span>\n\t\t\t  \t\t\t\t<span class=\"jb-ville\">Val d&#039;Is\u00e8re (73)<\/span>\n\t\t\t  \t\t\t<\/h2>\n          <\/a>\n        <\/div>\n                <div class=\"jb-item cat-hotellerie-restauration\" data-cat=\"hotellerie-restauration\">\n          <a class=\"jb-link\" href=\"https:\/\/crea-design.fr\/en\/realisations\/hotel-outa\/\" aria-label=\"H\u00f4tel Outa \u2014 Termignon (73)\">\n            <figure class=\"jb-figure\">\n              <img width=\"683\" height=\"1024\" data-src=\"https:\/\/crea-design.fr\/wp-content\/smush-webp\/Hotel-L_OUTA-HD-13-683x1024.jpg.webp\" class=\"jb-thumb wp-post-image lazyload\" alt=\"\" decoding=\"async\" data-sizes=\"(max-width: 640px) 100vw, (max-width: 1200px) 50vw, 600px\" src=\"data:image\/svg+xml;base64,PHN2ZyB3aWR0aD0iMSIgaGVpZ2h0PSIxIiB4bWxucz0iaHR0cDovL3d3dy53My5vcmcvMjAwMC9zdmciPjwvc3ZnPg==\" style=\"--smush-placeholder-width: 683px; --smush-placeholder-aspect-ratio: 683\/1024;\" \/>            <\/figure>\n            <h2 class=\"jb-title\">\n\t\t\t  <span class=\"jb-name\">Hotel<\/span>\n\t\t\t  \t\t\t\t<span class=\"jb-ville\">Val Cenis Termignon (73)<\/span>\n\t\t\t  \t\t\t<\/h2>\n          <\/a>\n        <\/div>\n        <\/div>[\/et_pb_code][\/et_pb_column][\/et_pb_row][\/et_pb_section]<\/p>","protected":false},"excerpt":{"rendered":"<p>R\u00e9alisationsTermignon (73)R\u00e9novation compl\u00e8te d\u2019un h\u00f4tel \u2013 restaurant 3* de 19 chambres Architecte : S\u00e9verine BARBIER Cr\u00e9dits photos :<\/p>","protected":false},"author":1,"featured_media":0,"parent":511,"menu_order":0,"comment_status":"closed","ping_status":"closed","template":"","meta":{"_acf_changed":false,"_et_pb_use_builder":"on","_et_pb_old_content":"<!-- wp:divi\/placeholder \/-->","_et_gb_content_width":"","footnotes":""},"class_list":["post-1875","page","type-page","status-publish","hentry"],"acf":[],"_links":{"self":[{"href":"https:\/\/crea-design.fr\/en\/wp-json\/wp\/v2\/pages\/1875","targetHints":{"allow":["GET"]}}],"collection":[{"href":"https:\/\/crea-design.fr\/en\/wp-json\/wp\/v2\/pages"}],"about":[{"href":"https:\/\/crea-design.fr\/en\/wp-json\/wp\/v2\/types\/page"}],"author":[{"embeddable":true,"href":"https:\/\/crea-design.fr\/en\/wp-json\/wp\/v2\/users\/1"}],"replies":[{"embeddable":true,"href":"https:\/\/crea-design.fr\/en\/wp-json\/wp\/v2\/comments?post=1875"}],"version-history":[{"count":4,"href":"https:\/\/crea-design.fr\/en\/wp-json\/wp\/v2\/pages\/1875\/revisions"}],"predecessor-version":[{"id":2148,"href":"https:\/\/crea-design.fr\/en\/wp-json\/wp\/v2\/pages\/1875\/revisions\/2148"}],"up":[{"embeddable":true,"href":"https:\/\/crea-design.fr\/en\/wp-json\/wp\/v2\/pages\/511"}],"wp:attachment":[{"href":"https:\/\/crea-design.fr\/en\/wp-json\/wp\/v2\/media?parent=1875"}],"curies":[{"name":"wp","href":"https:\/\/api.w.org\/{rel}","templated":true}]}}