{"id":1867,"date":"2025-12-14T20:28:22","date_gmt":"2025-12-14T19:28:22","guid":{"rendered":"https:\/\/crea-design.mywp.studio\/?page_id=1867"},"modified":"2026-01-13T22:38:39","modified_gmt":"2026-01-13T21:38:39","slug":"residentiel-prive","status":"publish","type":"page","link":"https:\/\/crea-design.fr\/en\/nos-realisations\/residentiel-prive\/","title":{"rendered":"Private residential"},"content":{"rendered":"<p>[et_pb_section fb_built=\u00a0\u00bb1&Prime; admin_label=\u00a0\u00bbHero\u00a0\u00bb _builder_version=\u00a0\u00bb4.27.4&Prime; background_color=\u00a0\u00bbrgba(0,0,0,0.4)\u00a0\u00bb background_image=\u00a0\u00bbhttps:\/\/crea-design.fr\/wp-content\/uploads\/hero-references.jpg\u00a0\u00bb background_blend=\u00a0\u00bbdarken\u00a0\u00bb custom_margin=\u00a0\u00bb0px||0px||true|false\u00a0\u00bb custom_padding=\u00a0\u00bb0px||0px||true|false\u00a0\u00bb global_colors_info=\u00a0\u00bb{}\u00a0\u00bb][et_pb_row use_custom_gutter=\u00a0\u00bbon\u00a0\u00bb gutter_width=\u00a0\u00bb1&Prime; make_equal=\u00a0\u00bbon\u00a0\u00bb admin_label=\u00a0\u00bbLigne\u00a0\u00bb _builder_version=\u00a0\u00bb4.27.4&Prime; _module_preset=\u00a0\u00bbdefault\u00a0\u00bb width=\u00a0\u00bb100%\u00a0\u00bb max_width=\u00a0\u00bb100vw\u00a0\u00bb min_height=\u00a0\u00bb600px\u00a0\u00bb min_height_tablet=\u00a0\u00bb500px\u00a0\u00bb min_height_phone=\u00a0\u00bb300px\u00a0\u00bb min_height_last_edited=\u00a0\u00bbon|phone\u00a0\u00bb custom_margin=\u00a0\u00bb0px||0px||true|false\u00a0\u00bb custom_padding=\u00a0\u00bb0px||0px||true|false\u00a0\u00bb custom_css_main_element=\u00a0\u00bbdisplay:flex;||align-items:center;\u00a0\u00bb global_colors_info=\u00a0\u00bb{}\u00a0\u00bb][et_pb_column type=\u00a0\u00bb4_4&Prime; admin_label=\u00a0\u00bbColonne\u00a0\u00bb _builder_version=\u00a0\u00bb4.27.4&Prime; _module_preset=\u00a0\u00bbdefault\u00a0\u00bb custom_padding=\u00a0\u00bb100px||0px||false|false\u00a0\u00bb global_colors_info=\u00a0\u00bb{}\u00a0\u00bb custom_css_main_element_last_edited=\u00a0\u00bboff|phone\u00a0\u00bb][et_pb_text admin_label=\u00a0\u00bbH1 R\u00e9alisations\u00a0\u00bb _builder_version=\u00a0\u00bb4.27.4&Prime; _module_preset=\u00a0\u00bbdefault\u00a0\u00bb text_font=\u00a0\u00bb&#8211;et_global_heading_font|300||on|||||\u00a0\u00bb text_text_color=\u00a0\u00bb#FFFFFF\u00a0\u00bb text_font_size=\u00a0\u00bb50px\u00a0\u00bb text_line_height=\u00a0\u00bb1.2em\u00a0\u00bb header_text_color=\u00a0\u00bb#FFFFFF\u00a0\u00bb header_font_size=\u00a0\u00bb50px\u00a0\u00bb header_2_line_height=\u00a0\u00bb1.2em\u00a0\u00bb text_orientation=\u00a0\u00bbcenter\u00a0\u00bb max_width_last_edited=\u00a0\u00bboff|phone\u00a0\u00bb custom_margin=\u00a0\u00bb50px||50px||true|false\u00a0\u00bb custom_margin_tablet=\u00a0\u00bb||0px||false|false\u00a0\u00bb custom_margin_phone=\u00a0\u00bb50px||25px||false|false\u00a0\u00bb custom_margin_last_edited=\u00a0\u00bbon|phone\u00a0\u00bb text_font_size_tablet=\u00a0\u00bb50px\u00a0\u00bb text_font_size_phone=\u00a0\u00bb24px\u00a0\u00bb text_font_size_last_edited=\u00a0\u00bbon|desktop\u00a0\u00bb header_font_size_tablet=\u00a0\u00bb50px\u00a0\u00bb header_font_size_phone=\u00a0\u00bb24px\u00a0\u00bb header_font_size_last_edited=\u00a0\u00bbon|phone\u00a0\u00bb header_2_font_size_tablet=\u00a0\u00bb24px\u00a0\u00bb header_2_font_size_phone=\u00a0\u00bb24px\u00a0\u00bb header_2_font_size_last_edited=\u00a0\u00bbon|phone\u00a0\u00bb text_text_shadow_style=\u00a0\u00bbpreset3&Prime; global_colors_info=\u00a0\u00bb{}\u00a0\u00bb]<\/p>\n<h1>Achievements<\/h1>\n<p>[\/et_pb_text][et_pb_text ul_type=\u00a0\u00bbnone\u00a0\u00bb admin_label=\u00a0\u00bbFiltres js du portfolio\u00a0\u00bb module_id=\u00a0\u00bbfiltres-js\u00a0\u00bb _builder_version=\u00a0\u00bb4.27.5&Prime; _module_preset=\u00a0\u00bbdefault\u00a0\u00bb text_font=\u00a0\u00bb|||on|||||\u00a0\u00bb text_text_color=\u00a0\u00bb#FFFFFF\u00a0\u00bb text_font_size=\u00a0\u00bb14px\u00a0\u00bb text_line_height=\u00a0\u00bb1.6em\u00a0\u00bb link_text_color=\u00a0\u00bb#FFFFFF\u00a0\u00bb ul_font=\u00a0\u00bb|||on|||||\u00a0\u00bb text_orientation=\u00a0\u00bbcenter\u00a0\u00bb max_width=\u00a0\u00bb600px\u00a0\u00bb max_width_tablet=\u00a0\u00bb80%\u00a0\u00bb max_width_phone=\u00a0\u00bb80%\u00a0\u00bb max_width_last_edited=\u00a0\u00bbon|phone\u00a0\u00bb module_alignment=\u00a0\u00bbcenter\u00a0\u00bb custom_padding=\u00a0\u00bb||25px||false|false\u00a0\u00bb hover_enabled=\u00a0\u00bb0&Prime; text_font_size_tablet=\u00a0\u00bb\u00a0\u00bb text_font_size_phone=\u00a0\u00bb14px\u00a0\u00bb text_font_size_last_edited=\u00a0\u00bbon|desktop\u00a0\u00bb text_line_height_tablet=\u00a0\u00bb1.6em\u00a0\u00bb text_line_height_phone=\u00a0\u00bb1.4em\u00a0\u00bb text_line_height_last_edited=\u00a0\u00bbon|phone\u00a0\u00bb global_colors_info=\u00a0\u00bb{}\u00a0\u00bb link_text_color__hover_enabled=\u00a0\u00bboff|hover\u00a0\u00bb link_text_color__hover=\u00a0\u00bb#E62B24&Prime; text_text_color__hover_enabled=\u00a0\u00bboff|hover\u00a0\u00bb text_text_color__hover=\u00a0\u00bb#FFFFFF\u00a0\u00bb sticky_enabled=\u00a0\u00bb0&Prime;]<\/p>\n<ul class=\"jb-filters\">\n<li><a href=\"\/en\/nos-realisations\/residentiel-prive\/\" class=\"is-active\">Private residential<\/a><\/li>\n<li><a href=\"\/en\/nos-realisations\/hotellerie-restauration\/\">Hospitality and catering<\/a><\/li>\n<li><a href=\"\/en\/nos-realisations\/sante-tertiaire\/\">Healthcare services<\/a><\/li>\n<\/ul>\n<p>[\/et_pb_text][\/et_pb_column][\/et_pb_row][et_pb_row _builder_version=\u00a0\u00bb4.27.4&Prime; _module_preset=\u00a0\u00bbdefault\u00a0\u00bb width=\u00a0\u00bb90%\u00a0\u00bb max_width=\u00a0\u00bb1440px\u00a0\u00bb module_alignment=\u00a0\u00bbcenter\u00a0\u00bb custom_margin=\u00a0\u00bb0px||0px||true|false\u00a0\u00bb custom_padding=\u00a0\u00bb15px||15px||true|false\u00a0\u00bb global_colors_info=\u00a0\u00bb{}\u00a0\u00bb][et_pb_column type=\u00a0\u00bb4_4&Prime; _builder_version=\u00a0\u00bb4.27.4&Prime; _module_preset=\u00a0\u00bbdefault\u00a0\u00bb global_colors_info=\u00a0\u00bb{}\u00a0\u00bb][et_pb_text _builder_version=\u00a0\u00bb4.27.4&Prime; _module_preset=\u00a0\u00bbdefault\u00a0\u00bb text_font=\u00a0\u00bb|&#8211;et_global_heading_font_weight|||||||\u00a0\u00bb text_text_color=\u00a0\u00bb#FFFFFF\u00a0\u00bb text_orientation=\u00a0\u00bbcenter\u00a0\u00bb custom_margin_tablet=\u00a0\u00bb\u00a0\u00bb custom_margin_phone=\u00a0\u00bb||20px||false|false\u00a0\u00bb custom_margin_last_edited=\u00a0\u00bbon|phone\u00a0\u00bb text_font_size_tablet=\u00a0\u00bb\u00a0\u00bb text_font_size_phone=\u00a0\u00bb12px\u00a0\u00bb text_font_size_last_edited=\u00a0\u00bbon|phone\u00a0\u00bb text_line_height_tablet=\u00a0\u00bb\u00a0\u00bb text_line_height_phone=\u00a0\u00bb1.6em\u00a0\u00bb text_line_height_last_edited=\u00a0\u00bbon|phone\u00a0\u00bb global_colors_info=\u00a0\u00bb{}\u00a0\u00bb]<\/p>\n<p>ANNECY \u2013 AIX LES BAINS &#8211; COTE D\u2019AZUR \u2013 COURCHEVEL \u2013 LES GETS \u2013 LYON \u2013 MEGEVE \u2013 MERIBEL \u2013 PARIS \u2013 SUISSE \u2013 VAL D\u2019ISERE \u2013 VAL THORENS<\/p>\n<p>[\/et_pb_text][\/et_pb_column][\/et_pb_row][\/et_pb_section][et_pb_section fb_built=\u00a0\u00bb1&Prime; custom_padding_last_edited=\u00a0\u00bbon|phone\u00a0\u00bb _builder_version=\u00a0\u00bb4.27.4&Prime; _module_preset=\u00a0\u00bbdefault\u00a0\u00bb min_height=\u00a0\u00bb900px\u00a0\u00bb custom_padding=\u00a0\u00bb30px||||false|false\u00a0\u00bb custom_padding_tablet=\u00a0\u00bb40px||||false|false\u00a0\u00bb custom_padding_phone=\u00a0\u00bb40px||||false|false\u00a0\u00bb global_colors_info=\u00a0\u00bb{}\u00a0\u00bb][et_pb_row use_custom_gutter=\u00a0\u00bbon\u00a0\u00bb gutter_width=\u00a0\u00bb2&Prime; make_equal=\u00a0\u00bbon\u00a0\u00bb _builder_version=\u00a0\u00bb4.27.4&Prime; _module_preset=\u00a0\u00bbdefault\u00a0\u00bb width=\u00a0\u00bb95%\u00a0\u00bb max_width=\u00a0\u00bb1440px\u00a0\u00bb custom_margin=\u00a0\u00bb0px||0px||true|false\u00a0\u00bb custom_padding=\u00a0\u00bb0px||0px||true|false\u00a0\u00bb custom_css_main_element=\u00a0\u00bbdisplay:flex;||flex-direction: row-reverse;||gap: 45px;\u00a0\u00bb global_colors_info=\u00a0\u00bb{}\u00a0\u00bb custom_css_main_element_last_edited=\u00a0\u00bbon|phone\u00a0\u00bb custom_css_main_element_tablet=\u00a0\u00bbdisplay:block;\u00a0\u00bb custom_css_main_element_phone=\u00a0\u00bbdisplay:block;\u00a0\u00bb][et_pb_column type=\u00a0\u00bb4_4&Prime; admin_label=\u00a0\u00bbcolonne d&rsquo;images\u00a0\u00bb _builder_version=\u00a0\u00bb4.27.4&Prime; _module_preset=\u00a0\u00bbdefault\u00a0\u00bb custom_padding_tablet=\u00a0\u00bb0px||||false|false\u00a0\u00bb custom_padding_last_edited=\u00a0\u00bboff|tablet\u00a0\u00bb global_colors_info=\u00a0\u00bb{}\u00a0\u00bb custom_css_main_element_last_edited=\u00a0\u00bbon|phone\u00a0\u00bb custom_css_main_element_tablet=\u00a0\u00bbmargin-top:-25px !important;\u00a0\u00bb custom_css_main_element_phone=\u00a0\u00bbmargin-top:-25px !important;\u00a0\u00bb][et_pb_code admin_label=\u00a0\u00bbShortCode\u00a0\u00bb module_id=\u00a0\u00bbrealisations-grid\u00a0\u00bb _builder_version=\u00a0\u00bb4.27.4&Prime; _module_preset=\u00a0\u00bbdefault\u00a0\u00bb global_colors_info=\u00a0\u00bb{}\u00a0\u00bb]<div class=\"jb-masonry jb-cols-2\" data-cols=\"2\">        <div class=\"jb-item cat-residentiel-prive\" data-cat=\"residentiel-prive\">\n          <a class=\"jb-link\" href=\"https:\/\/crea-design.fr\/en\/realisations\/villa-le-bourget-du-lac\/\" aria-label=\"Villa priv\u00e9e \u2014 Le Bourget du Lac (73)\">\n            <figure class=\"jb-figure\">\n              <img width=\"1024\" height=\"683\" data-src=\"https:\/\/crea-design.fr\/wp-content\/smush-webp\/DSC01910-1024x683.jpg.webp\" class=\"jb-thumb wp-post-image lazyload\" alt=\"\" decoding=\"async\" data-sizes=\"(max-width: 640px) 100vw, (max-width: 1200px) 50vw, 600px\" data-srcset=\"https:\/\/crea-design.fr\/wp-content\/smush-webp\/DSC01910-1024x683.jpg.webp 1024w, https:\/\/crea-design.fr\/wp-content\/smush-webp\/DSC01910-980x653.jpg.webp 980w, https:\/\/crea-design.fr\/wp-content\/smush-webp\/DSC01910-480x320.jpg.webp 480w\" src=\"data:image\/svg+xml;base64,PHN2ZyB3aWR0aD0iMSIgaGVpZ2h0PSIxIiB4bWxucz0iaHR0cDovL3d3dy53My5vcmcvMjAwMC9zdmciPjwvc3ZnPg==\" style=\"--smush-placeholder-width: 1024px; --smush-placeholder-aspect-ratio: 1024\/683;\" \/>            <\/figure>\n            <h2 class=\"jb-title\">\n\t\t\t  <span class=\"jb-name\">Private villa<\/span>\n\t\t\t  \t\t\t\t<span class=\"jb-ville\">Le Bourget du Lac (73)<\/span>\n\t\t\t  \t\t\t<\/h2>\n          <\/a>\n        <\/div>\n                <div class=\"jb-item cat-residentiel-prive\" data-cat=\"residentiel-prive\">\n          <a class=\"jb-link\" href=\"https:\/\/crea-design.fr\/en\/realisations\/chalet-prive-1\/\" aria-label=\"Chalet priv\u00e9 \u2014 Val d&#039;Is\u00e8re (73)\">\n            <figure class=\"jb-figure\">\n              <img width=\"1024\" height=\"683\" data-src=\"https:\/\/crea-design.fr\/wp-content\/smush-webp\/DSC00439-1024x683.jpg.webp\" class=\"jb-thumb wp-post-image lazyload\" alt=\"\" decoding=\"async\" data-sizes=\"(max-width: 640px) 100vw, (max-width: 1200px) 50vw, 600px\" data-srcset=\"https:\/\/crea-design.fr\/wp-content\/smush-webp\/DSC00439-980x654.jpg.webp 980w, https:\/\/crea-design.fr\/wp-content\/smush-webp\/DSC00439-480x320.jpg.webp 480w\" src=\"data:image\/svg+xml;base64,PHN2ZyB3aWR0aD0iMSIgaGVpZ2h0PSIxIiB4bWxucz0iaHR0cDovL3d3dy53My5vcmcvMjAwMC9zdmciPjwvc3ZnPg==\" style=\"--smush-placeholder-width: 1024px; --smush-placeholder-aspect-ratio: 1024\/683;\" \/>            <\/figure>\n            <h2 class=\"jb-title\">\n\t\t\t  <span class=\"jb-name\">Private chalet<\/span>\n\t\t\t  \t\t\t\t<span class=\"jb-ville\">Val d&#039;Is\u00e8re (73)<\/span>\n\t\t\t  \t\t\t<\/h2>\n          <\/a>\n        <\/div>\n                <div class=\"jb-item cat-residentiel-prive\" data-cat=\"residentiel-prive\">\n          <a class=\"jb-link\" href=\"https:\/\/crea-design.fr\/en\/realisations\/chalet-prive-2\/\" aria-label=\"Chalet priv\u00e9 \u2014 Val d&#039;Is\u00e8re (73)\">\n            <figure class=\"jb-figure\">\n              <img width=\"1024\" height=\"682\" data-src=\"https:\/\/crea-design.fr\/wp-content\/smush-webp\/DSC_2311-1024x682.jpg.webp\" class=\"jb-thumb wp-post-image lazyload\" alt=\"\" decoding=\"async\" data-sizes=\"(max-width: 640px) 100vw, (max-width: 1200px) 50vw, 600px\" data-srcset=\"https:\/\/crea-design.fr\/wp-content\/smush-webp\/DSC_2311-980x653.jpg.webp 980w, https:\/\/crea-design.fr\/wp-content\/smush-webp\/DSC_2311-480x320.jpg.webp 480w\" src=\"data:image\/svg+xml;base64,PHN2ZyB3aWR0aD0iMSIgaGVpZ2h0PSIxIiB4bWxucz0iaHR0cDovL3d3dy53My5vcmcvMjAwMC9zdmciPjwvc3ZnPg==\" style=\"--smush-placeholder-width: 1024px; --smush-placeholder-aspect-ratio: 1024\/682;\" \/>            <\/figure>\n            <h2 class=\"jb-title\">\n\t\t\t  <span class=\"jb-name\">Private chalet<\/span>\n\t\t\t  \t\t\t\t<span class=\"jb-ville\">Val d&#039;Is\u00e8re (73)<\/span>\n\t\t\t  \t\t\t<\/h2>\n          <\/a>\n        <\/div>\n                <div class=\"jb-item cat-residentiel-prive\" data-cat=\"residentiel-prive\">\n          <a class=\"jb-link\" href=\"https:\/\/crea-design.fr\/en\/realisations\/appartement-prive\/\" aria-label=\"Appartement priv\u00e9 \u2014 Val d&#039;Is\u00e8re (73)\">\n            <figure class=\"jb-figure\">\n              <img width=\"1024\" height=\"764\" data-src=\"https:\/\/crea-design.fr\/wp-content\/smush-webp\/Th2designs_luxury-interiors_private-homes_chalet2-1024x764.jpg.webp\" class=\"jb-thumb wp-post-image lazyload\" alt=\"\" decoding=\"async\" data-sizes=\"(max-width: 640px) 100vw, (max-width: 1200px) 50vw, 600px\" data-srcset=\"https:\/\/crea-design.fr\/wp-content\/smush-webp\/Th2designs_luxury-interiors_private-homes_chalet2-980x732.jpg.webp 980w, https:\/\/crea-design.fr\/wp-content\/smush-webp\/Th2designs_luxury-interiors_private-homes_chalet2-480x358.jpg.webp 480w\" src=\"data:image\/svg+xml;base64,PHN2ZyB3aWR0aD0iMSIgaGVpZ2h0PSIxIiB4bWxucz0iaHR0cDovL3d3dy53My5vcmcvMjAwMC9zdmciPjwvc3ZnPg==\" style=\"--smush-placeholder-width: 1024px; --smush-placeholder-aspect-ratio: 1024\/764;\" \/>            <\/figure>\n            <h2 class=\"jb-title\">\n\t\t\t  <span class=\"jb-name\">Private apartment<\/span>\n\t\t\t  \t\t\t\t<span class=\"jb-ville\">Val d&#039;Is\u00e8re (73)<\/span>\n\t\t\t  \t\t\t<\/h2>\n          <\/a>\n        <\/div>\n                <div class=\"jb-item cat-residentiel-prive\" data-cat=\"residentiel-prive\">\n          <a class=\"jb-link\" href=\"https:\/\/crea-design.fr\/en\/realisations\/appartement-prive-suisse\/\" aria-label=\"Appartement priv\u00e9 \u2014 Suisse\">\n            <figure class=\"jb-figure\">\n              <img width=\"599\" height=\"900\" data-src=\"https:\/\/crea-design.fr\/wp-content\/smush-webp\/DSC_5399.jpg.webp\" class=\"jb-thumb wp-post-image lazyload\" alt=\"\" decoding=\"async\" data-sizes=\"(max-width: 640px) 100vw, (max-width: 1200px) 50vw, 600px\" data-srcset=\"https:\/\/crea-design.fr\/wp-content\/smush-webp\/DSC_5399.jpg.webp 599w, https:\/\/crea-design.fr\/wp-content\/smush-webp\/DSC_5399-480x721.jpg.webp 480w\" src=\"data:image\/svg+xml;base64,PHN2ZyB3aWR0aD0iMSIgaGVpZ2h0PSIxIiB4bWxucz0iaHR0cDovL3d3dy53My5vcmcvMjAwMC9zdmciPjwvc3ZnPg==\" style=\"--smush-placeholder-width: 599px; --smush-placeholder-aspect-ratio: 599\/900;\" \/>            <\/figure>\n            <h2 class=\"jb-title\">\n\t\t\t  <span class=\"jb-name\">Private apartment<\/span>\n\t\t\t  \t\t\t\t<span class=\"jb-ville\">Switzerland<\/span>\n\t\t\t  \t\t\t<\/h2>\n          <\/a>\n        <\/div>\n                <div class=\"jb-item cat-residentiel-prive\" data-cat=\"residentiel-prive\">\n          <a class=\"jb-link\" href=\"https:\/\/crea-design.fr\/en\/realisations\/villa-privee-chambery\/\" aria-label=\"Villa prive\u0301e \u2014 Chamb\u00e9ry (73)\">\n            <figure class=\"jb-figure\">\n              <img width=\"683\" height=\"1024\" data-src=\"https:\/\/crea-design.fr\/wp-content\/smush-webp\/FRJ_2510-683x1024.jpg.webp\" class=\"jb-thumb wp-post-image lazyload\" alt=\"\" decoding=\"async\" data-sizes=\"(max-width: 640px) 100vw, (max-width: 1200px) 50vw, 600px\" src=\"data:image\/svg+xml;base64,PHN2ZyB3aWR0aD0iMSIgaGVpZ2h0PSIxIiB4bWxucz0iaHR0cDovL3d3dy53My5vcmcvMjAwMC9zdmciPjwvc3ZnPg==\" style=\"--smush-placeholder-width: 683px; --smush-placeholder-aspect-ratio: 683\/1024;\" \/>            <\/figure>\n            <h2 class=\"jb-title\">\n\t\t\t  <span class=\"jb-name\">Private villa<\/span>\n\t\t\t  \t\t\t\t<span class=\"jb-ville\">Chamb\u00e9ry (73)<\/span>\n\t\t\t  \t\t\t<\/h2>\n          <\/a>\n        <\/div>\n                <div class=\"jb-item cat-residentiel-prive\" data-cat=\"residentiel-prive\">\n          <a class=\"jb-link\" href=\"https:\/\/crea-design.fr\/en\/realisations\/chalet-prive-4\/\" aria-label=\"Chalet priv\u00e9 \u2014 Val d&#039;Is\u00e8re (73)\">\n            <figure class=\"jb-figure\">\n              <img width=\"1024\" height=\"683\" data-src=\"https:\/\/crea-design.fr\/wp-content\/smush-webp\/M63A4904-1024x683.jpg.webp\" class=\"jb-thumb wp-post-image lazyload\" alt=\"\" decoding=\"async\" data-sizes=\"(max-width: 640px) 100vw, (max-width: 1200px) 50vw, 600px\" data-srcset=\"https:\/\/crea-design.fr\/wp-content\/smush-webp\/M63A4904-1024x683.jpg.webp 1024w, https:\/\/crea-design.fr\/wp-content\/smush-webp\/M63A4904-980x653.jpg.webp 980w, https:\/\/crea-design.fr\/wp-content\/smush-webp\/M63A4904-480x320.jpg.webp 480w\" src=\"data:image\/svg+xml;base64,PHN2ZyB3aWR0aD0iMSIgaGVpZ2h0PSIxIiB4bWxucz0iaHR0cDovL3d3dy53My5vcmcvMjAwMC9zdmciPjwvc3ZnPg==\" style=\"--smush-placeholder-width: 1024px; --smush-placeholder-aspect-ratio: 1024\/683;\" \/>            <\/figure>\n            <h2 class=\"jb-title\">\n\t\t\t  <span class=\"jb-name\">Private chalet<\/span>\n\t\t\t  \t\t\t\t<span class=\"jb-ville\">Val d&#039;Is\u00e8re (73)<\/span>\n\t\t\t  \t\t\t<\/h2>\n          <\/a>\n        <\/div>\n                <div class=\"jb-item cat-residentiel-prive\" data-cat=\"residentiel-prive\">\n          <a class=\"jb-link\" href=\"https:\/\/crea-design.fr\/en\/realisations\/chalet-prive-3\/\" aria-label=\"Chalet priv\u00e9 \u2014 Les Gets (74)\">\n            <figure class=\"jb-figure\">\n              <img width=\"1024\" height=\"682\" data-src=\"https:\/\/crea-design.fr\/wp-content\/smush-webp\/DSC06283-1024x682.jpg.webp\" class=\"jb-thumb wp-post-image lazyload\" alt=\"\" decoding=\"async\" data-sizes=\"(max-width: 640px) 100vw, (max-width: 1200px) 50vw, 600px\" data-srcset=\"https:\/\/crea-design.fr\/wp-content\/smush-webp\/DSC06283-980x653.jpg.webp 980w, https:\/\/crea-design.fr\/wp-content\/smush-webp\/DSC06283-480x320.jpg.webp 480w\" src=\"data:image\/svg+xml;base64,PHN2ZyB3aWR0aD0iMSIgaGVpZ2h0PSIxIiB4bWxucz0iaHR0cDovL3d3dy53My5vcmcvMjAwMC9zdmciPjwvc3ZnPg==\" style=\"--smush-placeholder-width: 1024px; --smush-placeholder-aspect-ratio: 1024\/682;\" \/>            <\/figure>\n            <h2 class=\"jb-title\">\n\t\t\t  <span class=\"jb-name\">Private chalet<\/span>\n\t\t\t  \t\t\t\t<span class=\"jb-ville\">Les Gets (74)<\/span>\n\t\t\t  \t\t\t<\/h2>\n          <\/a>\n        <\/div>\n        <\/div>[\/et_pb_code][\/et_pb_column][\/et_pb_row][\/et_pb_section]<\/p>","protected":false},"excerpt":{"rendered":"<p>R\u00e9alisationsLes Gets (74)R\u00e9novation compl\u00e8te d\u2019un chalet existant. Ext\u00e9rieur et Int\u00e9rieur pour un particulier anglais. Extension de plus de 350m\u00b2 pour ajout d\u2019une zone piscine, SPA et bien-\u00eatre. Surface totale = 850m\u00b2 Architecte : THE GRACE SPACE Cr\u00e9dit photos : Alban Guerry Suire Click and Watch<\/p>","protected":false},"author":1,"featured_media":0,"parent":511,"menu_order":0,"comment_status":"closed","ping_status":"closed","template":"","meta":{"_acf_changed":false,"_et_pb_use_builder":"on","_et_pb_old_content":"<!-- wp:divi\/placeholder \/-->","_et_gb_content_width":"","footnotes":""},"class_list":["post-1867","page","type-page","status-publish","hentry"],"acf":[],"_links":{"self":[{"href":"https:\/\/crea-design.fr\/en\/wp-json\/wp\/v2\/pages\/1867","targetHints":{"allow":["GET"]}}],"collection":[{"href":"https:\/\/crea-design.fr\/en\/wp-json\/wp\/v2\/pages"}],"about":[{"href":"https:\/\/crea-design.fr\/en\/wp-json\/wp\/v2\/types\/page"}],"author":[{"embeddable":true,"href":"https:\/\/crea-design.fr\/en\/wp-json\/wp\/v2\/users\/1"}],"replies":[{"embeddable":true,"href":"https:\/\/crea-design.fr\/en\/wp-json\/wp\/v2\/comments?post=1867"}],"version-history":[{"count":8,"href":"https:\/\/crea-design.fr\/en\/wp-json\/wp\/v2\/pages\/1867\/revisions"}],"predecessor-version":[{"id":2146,"href":"https:\/\/crea-design.fr\/en\/wp-json\/wp\/v2\/pages\/1867\/revisions\/2146"}],"up":[{"embeddable":true,"href":"https:\/\/crea-design.fr\/en\/wp-json\/wp\/v2\/pages\/511"}],"wp:attachment":[{"href":"https:\/\/crea-design.fr\/en\/wp-json\/wp\/v2\/media?parent=1867"}],"curies":[{"name":"wp","href":"https:\/\/api.w.org\/{rel}","templated":true}]}}