{"id":1456,"date":"2025-11-15T19:01:40","date_gmt":"2025-11-15T18:01:40","guid":{"rendered":"https:\/\/crea-design.mywp.studio\/?page_id=1456"},"modified":"2026-01-07T21:38:16","modified_gmt":"2026-01-07T20:38:16","slug":"mentions-legales","status":"publish","type":"page","link":"https:\/\/crea-design.fr\/en\/mentions-legales\/","title":{"rendered":"Legale notices"},"content":{"rendered":"<p>[et_pb_section fb_built=\u00a0\u00bb1&Prime; admin_label=\u00a0\u00bbHero\u00a0\u00bb _builder_version=\u00a0\u00bb4.27.4&Prime; background_color=\u00a0\u00bbrgba(0,0,0,0.4)\u00a0\u00bb background_image=\u00a0\u00bbhttps:\/\/crea-design.fr\/wp-content\/uploads\/Les-fresques-2.jpg\u00a0\u00bb background_blend=\u00a0\u00bbdarken\u00a0\u00bb custom_margin=\u00a0\u00bb0px||100px||false|false\u00a0\u00bb custom_padding=\u00a0\u00bb0px||0px||true|false\u00a0\u00bb global_colors_info=\u00a0\u00bb{}\u00a0\u00bb][et_pb_row use_custom_gutter=\u00a0\u00bbon\u00a0\u00bb gutter_width=\u00a0\u00bb1&Prime; make_equal=\u00a0\u00bbon\u00a0\u00bb admin_label=\u00a0\u00bbLigne\u00a0\u00bb _builder_version=\u00a0\u00bb4.27.4&Prime; _module_preset=\u00a0\u00bbdefault\u00a0\u00bb width=\u00a0\u00bb100%\u00a0\u00bb max_width=\u00a0\u00bb100vw\u00a0\u00bb min_height=\u00a0\u00bb600px\u00a0\u00bb min_height_tablet=\u00a0\u00bb500px\u00a0\u00bb min_height_phone=\u00a0\u00bb300px\u00a0\u00bb min_height_last_edited=\u00a0\u00bbon|phone\u00a0\u00bb custom_margin=\u00a0\u00bb0px||0px||true|false\u00a0\u00bb custom_padding=\u00a0\u00bb0px||0px||true|false\u00a0\u00bb custom_css_main_element=\u00a0\u00bbdisplay:flex;||align-items:center;\u00a0\u00bb global_colors_info=\u00a0\u00bb{}\u00a0\u00bb][et_pb_column type=\u00a0\u00bb4_4&Prime; admin_label=\u00a0\u00bbColonne\u00a0\u00bb _builder_version=\u00a0\u00bb4.27.4&Prime; _module_preset=\u00a0\u00bbdefault\u00a0\u00bb custom_padding=\u00a0\u00bb100px||0px||false|false\u00a0\u00bb global_colors_info=\u00a0\u00bb{}\u00a0\u00bb custom_css_main_element_last_edited=\u00a0\u00bboff|phone\u00a0\u00bb][et_pb_text admin_label=\u00a0\u00bbH1 \u00a0\u00bb _builder_version=\u00a0\u00bb4.27.4&Prime; _module_preset=\u00a0\u00bbdefault\u00a0\u00bb text_font=\u00a0\u00bb&#8211;et_global_heading_font|300||on|||||\u00a0\u00bb text_text_color=\u00a0\u00bb#FFFFFF\u00a0\u00bb text_font_size=\u00a0\u00bb50px\u00a0\u00bb text_line_height=\u00a0\u00bb1.2em\u00a0\u00bb header_text_color=\u00a0\u00bb#FFFFFF\u00a0\u00bb header_font_size=\u00a0\u00bb50px\u00a0\u00bb header_2_line_height=\u00a0\u00bb1.2em\u00a0\u00bb text_orientation=\u00a0\u00bbcenter\u00a0\u00bb max_width_last_edited=\u00a0\u00bboff|phone\u00a0\u00bb custom_margin=\u00a0\u00bb50px||50px||true|false\u00a0\u00bb custom_margin_tablet=\u00a0\u00bb||0px||false|false\u00a0\u00bb custom_margin_phone=\u00a0\u00bb50px||25px||false|false\u00a0\u00bb custom_margin_last_edited=\u00a0\u00bbon|phone\u00a0\u00bb text_font_size_tablet=\u00a0\u00bb50px\u00a0\u00bb text_font_size_phone=\u00a0\u00bb24px\u00a0\u00bb text_font_size_last_edited=\u00a0\u00bbon|desktop\u00a0\u00bb header_font_size_tablet=\u00a0\u00bb50px\u00a0\u00bb header_font_size_phone=\u00a0\u00bb24px\u00a0\u00bb header_font_size_last_edited=\u00a0\u00bbon|phone\u00a0\u00bb header_2_font_size_tablet=\u00a0\u00bb24px\u00a0\u00bb header_2_font_size_phone=\u00a0\u00bb24px\u00a0\u00bb header_2_font_size_last_edited=\u00a0\u00bbon|phone\u00a0\u00bb text_text_shadow_style=\u00a0\u00bbpreset3&Prime; global_colors_info=\u00a0\u00bb{}\u00a0\u00bb]<\/p>\n<h1>Legale notices<\/h1>\n<p>[\/et_pb_text][\/et_pb_column][\/et_pb_row][et_pb_row use_custom_gutter=\u00a0\u00bbon\u00a0\u00bb gutter_width=\u00a0\u00bb1&Prime; make_equal=\u00a0\u00bbon\u00a0\u00bb custom_padding_last_edited=\u00a0\u00bbon|phone\u00a0\u00bb disabled_on=\u00a0\u00bbon|off|off\u00a0\u00bb admin_label=\u00a0\u00bbCTA next\u00a0\u00bb _builder_version=\u00a0\u00bb4.27.4&Prime; _module_preset=\u00a0\u00bbdefault\u00a0\u00bb background_color=\u00a0\u00bb#FFFFFF\u00a0\u00bb positioning=\u00a0\u00bbabsolute\u00a0\u00bb position_origin_a=\u00a0\u00bbbottom_center\u00a0\u00bb z_index=\u00a0\u00bb100&Prime; max_width=\u00a0\u00bb200px\u00a0\u00bb max_width_tablet=\u00a0\u00bb200px\u00a0\u00bb max_width_phone=\u00a0\u00bb120px\u00a0\u00bb max_width_last_edited=\u00a0\u00bbon|phone\u00a0\u00bb max_height=\u00a0\u00bb80px\u00a0\u00bb max_height_tablet=\u00a0\u00bb80px\u00a0\u00bb max_height_phone=\u00a0\u00bb80px\u00a0\u00bb max_height_last_edited=\u00a0\u00bbon|desktop\u00a0\u00bb custom_margin=\u00a0\u00bb||-1px||false|false\u00a0\u00bb custom_padding=\u00a0\u00bb20px||20px||false|false\u00a0\u00bb custom_padding_tablet=\u00a0\u00bb20px||20px||false|false\u00a0\u00bb custom_padding_phone=\u00a0\u00bb10px||5px||false|false\u00a0\u00bb global_colors_info=\u00a0\u00bb{}\u00a0\u00bb][et_pb_column type=\u00a0\u00bb4_4&Prime; _builder_version=\u00a0\u00bb4.27.4&Prime; _module_preset=\u00a0\u00bbdefault\u00a0\u00bb global_colors_info=\u00a0\u00bb{}\u00a0\u00bb][et_pb_icon font_icon=\u00a0\u00bb&#x33;||divi||400&Prime; icon_color=\u00a0\u00bb#676564&Prime; icon_width=\u00a0\u00bb50px\u00a0\u00bb url=\u00a0\u00bb#suite1&Prime; module_class=\u00a0\u00bbcta-cd\u00a0\u00bb _builder_version=\u00a0\u00bb4.27.4&Prime; _module_preset=\u00a0\u00bbdefault\u00a0\u00bb global_colors_info=\u00a0\u00bb{}\u00a0\u00bb icon_color__hover_enabled=\u00a0\u00bbon|hover\u00a0\u00bb icon_color__hover=\u00a0\u00bb#E62B24&Prime;][\/et_pb_icon][\/et_pb_column][\/et_pb_row][\/et_pb_section][et_pb_section fb_built=\u00a0\u00bb1&Prime; admin_label=\u00a0\u00bb01 Content\u00a0\u00bb module_id=\u00a0\u00bbsuite1&Prime; _builder_version=\u00a0\u00bb4.27.4&Prime; _module_preset=\u00a0\u00bbdefault\u00a0\u00bb custom_margin=\u00a0\u00bb0px||0px||true|false\u00a0\u00bb custom_padding=\u00a0\u00bb0px||0px||true|false\u00a0\u00bb global_colors_info=\u00a0\u00bb{}\u00a0\u00bb][et_pb_row use_custom_gutter=\u00a0\u00bbon\u00a0\u00bb gutter_width=\u00a0\u00bb2&Prime; make_equal=\u00a0\u00bbon\u00a0\u00bb admin_label=\u00a0\u00bbLigne txt\u00a0\u00bb _builder_version=\u00a0\u00bb4.27.4&Prime; _module_preset=\u00a0\u00bbdefault\u00a0\u00bb width=\u00a0\u00bb95%\u00a0\u00bb max_width=\u00a0\u00bb750px\u00a0\u00bb module_alignment=\u00a0\u00bbcenter\u00a0\u00bb custom_css_main_element=\u00a0\u00bbdisplay:flex;||align-items: center;\u00a0\u00bb global_colors_info=\u00a0\u00bb{}\u00a0\u00bb][et_pb_column type=\u00a0\u00bb4_4&Prime; _builder_version=\u00a0\u00bb4.27.4&Prime; _module_preset=\u00a0\u00bbdefault\u00a0\u00bb global_colors_info=\u00a0\u00bb{}\u00a0\u00bb][et_pb_text _builder_version=\u00a0\u00bb4.27.5&Prime; _module_preset=\u00a0\u00bbdefault\u00a0\u00bb text_font=\u00a0\u00bb|300|||||||\u00a0\u00bb text_font_size=\u00a0\u00bb1em\u00a0\u00bb text_line_height=\u00a0\u00bb1.4em\u00a0\u00bb ul_font_size=\u00a0\u00bb1em\u00a0\u00bb header_2_font=\u00a0\u00bb|300|||||||\u00a0\u00bb header_2_font_size=\u00a0\u00bb1.4em\u00a0\u00bb header_3_font=\u00a0\u00bb|&#8211;et_global_heading_font_weight|||||||\u00a0\u00bb header_3_font_size=\u00a0\u00bb1em\u00a0\u00bb custom_margin=\u00a0\u00bb||||false|false\u00a0\u00bb custom_margin_tablet=\u00a0\u00bb|0%||0%|false|true\u00a0\u00bb custom_margin_phone=\u00a0\u00bb|0%||0%|false|true\u00a0\u00bb custom_margin_last_edited=\u00a0\u00bboff|desktop\u00a0\u00bb hover_enabled=\u00a0\u00bb0&Prime; text_font_size_phone=\u00a0\u00bb0.9rem\u00a0\u00bb text_font_size_last_edited=\u00a0\u00bboff|desktop\u00a0\u00bb text_line_height_tablet=\u00a0\u00bb\u00a0\u00bb text_line_height_phone=\u00a0\u00bb1.6em\u00a0\u00bb text_line_height_last_edited=\u00a0\u00bbon|phone\u00a0\u00bb global_colors_info=\u00a0\u00bb{}\u00a0\u00bb custom_margin__hover_enabled=\u00a0\u00bboff|desktop\u00a0\u00bb link_text_color_last_edited=\u00a0\u00bboff|desktop\u00a0\u00bb link_text_color__hover_enabled=\u00a0\u00bbon|desktop\u00a0\u00bb sticky_enabled=\u00a0\u00bb0&Prime; link_text_color__hover=\u00a0\u00bb#E62B24&Prime; link_text_color=\u00a0\u00bb#676564&Prime;]<\/p>\n<h2>1. Identification de la soci\u00e9t\u00e9<\/h2>\n<p>Site de la SAS, soci\u00e9t\u00e9 par actions simplifi\u00e9e au capital de 148 000,00 \u20ac<\/p>\n<p>443 011 655 R.C.S. Chamb\u00e9ry. 406 chemin de Charri\u00e8re Neuve, 73000 Chamb\u00e9ry. <a href=\"mailto:info@crea-design.fr\">info@crea-design.fr<\/a><\/p>\n<p><strong>Head office<\/strong> 406 chemin de Charri\u00e8re Neuve, 73000 Chamb\u00e9ry<\/p>\n<h2>2. Directeur de la publication<\/h2>\n<p>Leroy Manon, responsable communication et marketing. Sous la direction de Mr Jay Patrice \u2013 BJ Participations<\/p>\n<h2>3. Responsable de la r\u00e9daction<\/h2>\n<p>Leroy Manon, responsable communication et marketing. Sous la direction de Mr Jay Patrice \u2013 BJ Participations<\/p>\n<h2>4. \u00c9diteur du site<\/h2>\n<p>Conception \/ R\u00e9alisation et webmaster : <a href=\"mailto:bienvenue@lcomunik.com\">bienvenue@lcomunik.com<\/a>. <a href=\"https:\/\/www.lcomunik.com\" target=\"_blank\" rel=\"noopener\">www.lcomunik.com<\/a><\/p>\n<h2>5. H\u00e9bergeur du site<\/h2>\n<p>Le site <strong>www.crea-design.fr<\/strong> est h\u00e9berg\u00e9 par la soci\u00e9t\u00e9 OVH<\/p>\n<p>OVH, 2 rue Kellermann \u2013 59100 Roubaix. SA \u00e0 conseil d\u2019administration. 537 407 926 R.C.S. Lille M\u00e9tropole. Capital social : 151 651 536,00 \u20ac<\/p>\n<h2>6. Droits de propri\u00e9t\u00e9 intellectuelle<\/h2>\n<p>Le site crea-design.fr est une \u0153uvre de l\u2019esprit prot\u00e9g\u00e9e par le droit de la propri\u00e9t\u00e9 intellectuelle. L\u2019ensemble du site et chacun des \u00e9l\u00e9ments qui le composent (marques, logos, photographies, textes, vid\u00e9os, etc.) sont la propri\u00e9t\u00e9 exclusive de Crea Design.<\/p>\n<p>Toute reproduction ou repr\u00e9sentation, int\u00e9grale ou partielle, du site ou de l\u2019un quelconque des \u00e9l\u00e9ments qui le composent, \u00e0 des fins autres que strictement personnelles et priv\u00e9es, est interdite sans autorisation \u00e9crite pr\u00e9alable.<\/p>\n<p>Toute demande d\u2019autorisation doit \u00eatre adress\u00e9e \u00e0 <a href=\"mailto:mleroy@crea-design.fr\">mleroy@crea-design.fr<\/a>. Toute utilisation non autoris\u00e9e constitue une contrefa\u00e7on sanctionn\u00e9e p\u00e9nalement.<\/p>\n<h2>7. Utilisation du site<\/h2>\n<h3>a. Utilisation du contenu<\/h3>\n<p>Crea Design s\u2019efforce de fournir des informations exactes et \u00e0 jour. Toutefois, aucune garantie n\u2019est apport\u00e9e quant \u00e0 l\u2019exactitude ou l\u2019exhaustivit\u00e9 des informations diffus\u00e9es sur le site.<\/p>\n<h3>b. Acc\u00e8s au site<\/h3>\n<p>Le site est accessible 24h\/24, sauf interruption pour maintenance ou raisons techniques. Crea Design ne saurait \u00eatre tenue responsable des interruptions ou cons\u00e9quences associ\u00e9es.<\/p>\n<h3>c. Liens hypertextes<\/h3>\n<p>Les liens hypertextes pr\u00e9sents sur le site peuvent renvoyer vers des sites tiers. Crea Design d\u00e9cline toute responsabilit\u00e9 quant au contenu ou \u00e0 l\u2019utilisation de ces sites.<\/p>\n<h3>Signalement de contenu illicite<\/h3>\n<p>Conform\u00e9ment \u00e0 la LCEN du 21 juin 2004, tout contenu manifestement illicite peut \u00eatre signal\u00e9 par email \u00e0 <a href=\"mailto:mleroy@crea-design.fr\">mleroy@crea-design.fr<\/a>.<\/p>\n<ul>\n<li>L\u2019adresse de la page concern\u00e9e<\/li>\n<li>Le contenu consid\u00e9r\u00e9 comme illicite<\/li>\n<li>La date de constat<\/li>\n<li>L\u2019identit\u00e9 du d\u00e9clarant<\/li>\n<\/ul>\n<h2>8. Cr\u00e9dits<\/h2>\n<h3>Cr\u00e9dits photos<\/h3>\n<ul>\n<li>Alban Guerry Suire \u2013 click and watch<\/li>\n<li>Fred Argoud Productions<\/li>\n<li>Christian Arnal<\/li>\n<li>Mr Tripper<\/li>\n<li>Orlane Firmis<\/li>\n<li>Walter Babic<\/li>\n<li>Maxime Fourcade<\/li>\n<li>St\u00e9phane Chassignole<\/li>\n<\/ul>\n<h2>Protection des donn\u00e9es personnelles<\/h2>\n<p>Crea Design collecte et traite des donn\u00e9es personnelles conform\u00e9ment au RGPD (UE) 2016\/679. L\u2019utilisateur dispose d\u2019un droit d\u2019acc\u00e8s, de rectification et de suppression de ses donn\u00e9es.<\/p>\n<h3>a. Donn\u00e9es personnelles<\/h3>\n<p>Les donn\u00e9es collect\u00e9es via les formulaires sont destin\u00e9es exclusivement \u00e0 Crea Design \u00e0 des fins de communication et d\u2019information.<\/p>\n<h3>b. Donn\u00e9es re\u00e7ues<\/h3>\n<p>Les donn\u00e9es collect\u00e9es incluent notamment les coordonn\u00e9es n\u00e9cessaires au traitement des demandes. L\u2019utilisateur peut se d\u00e9sinscrire des communications \u00e0 tout moment.<\/p>\n<h3>c. Donn\u00e9es sensibles<\/h3>\n<p>Aucune donn\u00e9e sensible n\u2019est volontairement collect\u00e9e par Crea Design.<\/p>\n<h3>d. Utilisation des donn\u00e9es<\/h3>\n<ul>\n<li>Acc\u00e8s \u00e0 des contenus prot\u00e9g\u00e9s<\/li>\n<li>T\u00e9l\u00e9chargement de documentation<\/li>\n<li>Gestion de recrutement<\/li>\n<li>Personnalisation des communications<\/li>\n<li>Demandes de rendez-vous<\/li>\n<li>Enqu\u00eates et questionnaires<\/li>\n<\/ul>\n<h3>e. Partage des donn\u00e9es<\/h3>\n<p>Les donn\u00e9es peuvent \u00eatre transmises \u00e0 des sous-traitants dans le strict respect de la l\u00e9gislation en vigueur.<\/p>\n<h3>f. Conservation des donn\u00e9es<\/h3>\n<p>Les donn\u00e9es sont conserv\u00e9es uniquement pour la dur\u00e9e n\u00e9cessaire aux finalit\u00e9s pour lesquelles elles ont \u00e9t\u00e9 collect\u00e9es.<\/p>\n<h3>g. Gestion ou suppression des donn\u00e9es<\/h3>\n<p>Toute demande peut \u00eatre adress\u00e9e \u00e0 <a href=\"mailto:mleroy@crea-design.fr\">mleroy@crea-design.fr<\/a>.<\/p>\n<h3>h. Demandes l\u00e9gales<\/h3>\n<p>Les donn\u00e9es peuvent \u00eatre communiqu\u00e9es aux autorit\u00e9s dans le cadre d\u2019obligations l\u00e9gales.<\/p>\n<h3>i. Cookies<\/h3>\n<p>Le site utilise un cookie fonctionnel permettant de m\u00e9moriser la taille de la police choisie par l\u2019utilisateur. Dur\u00e9e de conservation : 365 jours.<\/p>\n<p>[\/et_pb_text][\/et_pb_column][\/et_pb_row][\/et_pb_section]<\/p>","protected":false},"excerpt":{"rendered":"<p>Mentions l\u00e9gales1. Identification de la soci\u00e9t\u00e9 Site de la SAS, soci\u00e9t\u00e9 par actions simplifi\u00e9e au capital de 148 000,00 \u20ac 443 011 655 R.C.S. Chamb\u00e9ry. 406 chemin de Charri\u00e8re Neuve, 73000 Chamb\u00e9ry. info@crea-design.fr Si\u00e8ge social : 406 chemin de Charri\u00e8re Neuve, 73000 Chamb\u00e9ry 2. Directeur de la publication Leroy Manon, responsable communication et marketing. Sous [&hellip;]<\/p>","protected":false},"author":1,"featured_media":0,"parent":0,"menu_order":0,"comment_status":"closed","ping_status":"closed","template":"","meta":{"_acf_changed":false,"_et_pb_use_builder":"on","_et_pb_old_content":"","_et_gb_content_width":"","footnotes":""},"class_list":["post-1456","page","type-page","status-publish","hentry"],"acf":[],"_links":{"self":[{"href":"https:\/\/crea-design.fr\/en\/wp-json\/wp\/v2\/pages\/1456","targetHints":{"allow":["GET"]}}],"collection":[{"href":"https:\/\/crea-design.fr\/en\/wp-json\/wp\/v2\/pages"}],"about":[{"href":"https:\/\/crea-design.fr\/en\/wp-json\/wp\/v2\/types\/page"}],"author":[{"embeddable":true,"href":"https:\/\/crea-design.fr\/en\/wp-json\/wp\/v2\/users\/1"}],"replies":[{"embeddable":true,"href":"https:\/\/crea-design.fr\/en\/wp-json\/wp\/v2\/comments?post=1456"}],"version-history":[{"count":7,"href":"https:\/\/crea-design.fr\/en\/wp-json\/wp\/v2\/pages\/1456\/revisions"}],"predecessor-version":[{"id":2140,"href":"https:\/\/crea-design.fr\/en\/wp-json\/wp\/v2\/pages\/1456\/revisions\/2140"}],"wp:attachment":[{"href":"https:\/\/crea-design.fr\/en\/wp-json\/wp\/v2\/media?parent=1456"}],"curies":[{"name":"wp","href":"https:\/\/api.w.org\/{rel}","templated":true}]}}